{"id":121,"date":"2017-01-24T14:36:24","date_gmt":"2017-01-24T13:36:24","guid":{"rendered":"http:\/\/localhost\/mi-primer-wordpress\/?page_id=121"},"modified":"2025-09-10T11:29:14","modified_gmt":"2025-09-10T10:29:14","slug":"sobre-mi","status":"publish","type":"page","link":"https:\/\/aprendeespanolonline.ch\/de\/sobre-mi\/","title":{"rendered":"\u00dcber mich"},"content":{"rendered":"<p><\/p>\n<div class=\"todo\">\n<div class=\"texto\" style=\"float: left; width: 75%;\">\n<p style=\"text-align: justify;\">Mein Name ist Carmen Mart\u00edn, ich komme aus Spanien und bin ausgebildete Spanischlehrerin f\u00fcr Ausl\u00e4nder (ELE: Spanisch f\u00fcr Non-Muttersprachler). Ich bin auch eine offizielle DELE-Pr\u00fcferin des Instituto Cervantes f\u00fcr Niveaus A1 bis C2.<\/p>\n<p style=\"text-align: justify;\">Seit mehr als 12 Jahren und mehr als 5000 Unterrichtstunden habe ich mich auf Online-Spanischunterricht spezialisiert.<\/p>\n<p style=\"text-align: justify;\">Ich liebe die spanische Sprache und dieses Gef\u00fchl vermittle ich auch meinen Studenten.\u00a0 Aufgrund meiner Jahre in der Schweiz und den Studenten verschiedener Nationen &#8211; Deutsche, Russen, Luxemburger, Italianer, Iraner, etc &#8211; bin ich sehr erfahren beim Anpassen des Unterrichts an diverse Kulturen, um als Lernender den maximalen Nutzen aus dem Unterricht ziehen zu k\u00f6nnen.<\/p>\n<p style=\"text-align: justify;\">Zudem ist der Unterricht sehr praktisch-orientiert, dynamisch und aktuell gestaltet; wir lernen nicht nur &#8222;Spanisch aus B\u00fcchern&#8220;. Ich f\u00fchre dich als Studenten an die latinische\/spanisch Kultur heran, um Alltagssituationen in einem Spanisch sprechenden Land meistern zu k\u00f6nnen.<\/p>\n<p style=\"text-align: justify;\">Die Lektionen werden in Spanisch gehalten, aber wenn der Schuler ein niedrigeres Niveau besitzt, k\u00f6nnen wir auch Englisch oder Deutsch zu Hilfe nehmen.<\/p>\n<p>&nbsp;<\/p>\n<p style=\"text-align: center;\"><iframe title=\"Presentaci\u00f3n Aprende Espa\u00f1ol online\" width=\"500\" height=\"281\" src=\"https:\/\/www.youtube.com\/embed\/XLPn-qt6v7A?feature=oembed\" frameborder=\"0\" allow=\"accelerometer; autoplay; clipboard-write; encrypted-media; gyroscope; picture-in-picture; web-share\" referrerpolicy=\"strict-origin-when-cross-origin\" allowfullscreen><\/iframe><\/p>\n<p>&nbsp;<\/p>\n<p style=\"font-family: Tempus Sans ITC; font-size: 24px; text-align: center;\"><strong><a href=\"https:\/\/aprendeespanolonline.ch\/de\/contacto\/\">Reserviere hier deine Probelektion<\/a><\/strong><\/p>\n<\/div>\n<div class=\"imagen\" style=\"float: left; width: 25%;\"><img fetchpriority=\"high\" decoding=\"async\" class=\"wp-image-89 align right alignnone\" src=\"\/wp-content\/uploads\/2017\/01\/Carmen.jpg\" alt=\"Carmen-espanol\" width=\"180\" height=\"300\" \/><\/div>\n<\/div>\n<div class=\"todo\">\n<div class=\"imagen\" style=\"float: left; width: 25%;\"><\/div>\n<\/div>\n<p><\/p>","protected":false},"excerpt":{"rendered":"<p>Mein Name ist Carmen Mart\u00edn, ich komme aus Spanien und bin ausgebildete Spanischlehrerin f\u00fcr Ausl\u00e4nder (ELE: Spanisch f\u00fcr Non-Muttersprachler). Ich bin auch eine offizielle DELE-Pr\u00fcferin des Instituto Cervantes f\u00fcr Niveaus A1 bis C2. Seit mehr als 12 Jahren und mehr als 5000 Unterrichtstunden habe ich mich auf Online-Spanischunterricht spezialisiert. Ich liebe die spanische Sprache und<\/p>\n","protected":false},"author":1,"featured_media":0,"parent":0,"menu_order":0,"comment_status":"closed","ping_status":"closed","template":"fullwidth.php","meta":{"footnotes":""},"class_list":["post-121","page","type-page","status-publish","hentry"],"_links":{"self":[{"href":"https:\/\/aprendeespanolonline.ch\/de\/wp-json\/wp\/v2\/pages\/121","targetHints":{"allow":["GET"]}}],"collection":[{"href":"https:\/\/aprendeespanolonline.ch\/de\/wp-json\/wp\/v2\/pages"}],"about":[{"href":"https:\/\/aprendeespanolonline.ch\/de\/wp-json\/wp\/v2\/types\/page"}],"author":[{"embeddable":true,"href":"https:\/\/aprendeespanolonline.ch\/de\/wp-json\/wp\/v2\/users\/1"}],"replies":[{"embeddable":true,"href":"https:\/\/aprendeespanolonline.ch\/de\/wp-json\/wp\/v2\/comments?post=121"}],"version-history":[{"count":6,"href":"https:\/\/aprendeespanolonline.ch\/de\/wp-json\/wp\/v2\/pages\/121\/revisions"}],"predecessor-version":[{"id":1447,"href":"https:\/\/aprendeespanolonline.ch\/de\/wp-json\/wp\/v2\/pages\/121\/revisions\/1447"}],"wp:attachment":[{"href":"https:\/\/aprendeespanolonline.ch\/de\/wp-json\/wp\/v2\/media?parent=121"}],"curies":[{"name":"wp","href":"https:\/\/api.w.org\/{rel}","templated":true}]}}