{"id":125,"date":"2017-01-20T19:58:44","date_gmt":"2017-01-20T18:58:44","guid":{"rendered":"http:\/\/localhost\/mi-primer-wordpress\/?page_id=125"},"modified":"2026-01-29T16:11:38","modified_gmt":"2026-01-29T15:11:38","slug":"preguntas","status":"publish","type":"page","link":"https:\/\/aprendeespanolonline.ch\/de\/preguntas\/","title":{"rendered":"Fragen"},"content":{"rendered":"<p><\/p>\n<p style=\"text-align: justify;\"><strong>Was braucht man f\u00fcr Online-Unterricht? <\/strong><\/p>\n<p style=\"text-align: justify;\">Das Einzige, das du brauchst, ist ein Computer, eine stabile Internetverbindung, Kopfh\u00f6rer und Mikrofon. Und den Wunsch zum Lernen!<\/p>\n<p>&nbsp;<\/p>\n<p style=\"text-align: justify;\"><strong>Wie geht es los?<\/strong><\/p>\n<p style=\"text-align: justify;\">Wir bieten dir <a href=\"https:\/\/aprendeespanolonline.ch\/de\/contacto\/\">eine kostenlose Probelektion von 30 Minuten<\/a> an, um dein Spanischniveau zu evaluieren und deine Lernziele abzukl\u00e4ren.<\/p>\n<p style=\"text-align: justify;\">Wenn du \u00fcberzeugt bist und dich entscheidest, mit uns die Spanischkurse zu beginnen, vereinbaren wir die n\u00e4chsten Unterrichtsstunden.<\/p>\n<p>&nbsp;<\/p>\n<p style=\"text-align: justify;\"><strong>Wie laufen die Unterrichtsstunden ab?<\/strong><\/p>\n<p style=\"text-align: justify;\">Das Ziel des Privatunterrichtes ist, Lernmethoden deinen Bed\u00fcrfnissen und deinem Lernrhythmus anzupassen.<\/p>\n<p style=\"text-align: justify;\">Wir arbeiten mit Video Call Software, mit Videokonferenzen und Dokumenten-Austausch.<\/p>\n<p style=\"text-align: justify;\">Jede Lektion dauert 55 Minuten.<\/p>\n<p style=\"text-align: justify;\">Nach jeder Lektion erh\u00e4ltst du Hausaufgaben, die im n\u00e4chsten Unterricht korrigiert werden.<\/p>\n<p>&nbsp;<\/p>\n<p style=\"text-align: justify;\"><strong>Wie und wann bezahle ich die Unterrichtsstunden?<\/strong><\/p>\n<p style=\"text-align: justify;\">Du kannst die Lektionen per \u00dcberweisung und im Voraus bezahlen \u2013 individuell oder per 5er oder 10er-Stundenpakete. Jeder Unterricht im Paket ist 5 % bzw. 10 % g\u00fcnstiger als individuell gebuchter Unterricht. Nach Kauf der Pakete gelten folgende Laufzeiten: 3 Monate f\u00fcr das 5-Klassen-Paket (beginnend mit der ersten Klasse) und 6 Monate f\u00fcr das 10-Klassen-Paket. <em>Anschliessend verfallen die nicht genutzten Lektionen<\/em>.<\/p>\n<p>&nbsp;<\/p>\n<p style=\"text-align: justify;\"><strong>Kann ich eine Unterrichtsstunde absagen oder verschieben?<\/strong><\/p>\n<p style=\"text-align: justify;\">Du kannst <em>bis zu 24 Stunden vor dem Unterrichtsbeginn kostenfrei<\/em> per E-Mail verschieben oder stornieren, ansonsten wird die Unterrichts-Geb\u00fchr in Rechnung gestellt.<\/p>\n<p>&nbsp;<\/p>\n<p style=\"text-align: justify;\"><strong>Wie nutze ich Video Call Software?<\/strong><\/p>\n<p style=\"text-align: justify;\">Du brauchst die kostenlose Microsoft Teams, Google Meets or Zoom &#8211; Software auf deinem Computer zu installieren und anschliessend ein pers\u00f6nliches Benutzerkonto zu er\u00f6ffnen.<\/p>\n<p>&nbsp;<\/p>\n<p style=\"text-align: justify;\"><strong>Weitere Fragen? <\/strong><\/p>\n<p style=\"text-align: justify;\">Sende uns ein E-Mail auf <a href=\"mailto:aprende-espanol@outlook.com\">aprende-espanol@outlook.com<\/a>. Wir werden jede deiner Fragen beantworten.<\/p>\n<p><\/p>","protected":false},"excerpt":{"rendered":"<p>Was braucht man f\u00fcr Online-Unterricht? Das Einzige, das du brauchst, ist ein Computer, eine stabile Internetverbindung, Kopfh\u00f6rer und Mikrofon. Und den Wunsch zum Lernen! &nbsp; Wie geht es los? Wir bieten dir eine kostenlose Probelektion von 30 Minuten an, um dein Spanischniveau zu evaluieren und deine Lernziele abzukl\u00e4ren. Wenn du \u00fcberzeugt bist und dich entscheidest,<\/p>\n","protected":false},"author":1,"featured_media":0,"parent":0,"menu_order":0,"comment_status":"closed","ping_status":"closed","template":"fullwidth.php","meta":{"footnotes":""},"class_list":["post-125","page","type-page","status-publish","hentry"],"_links":{"self":[{"href":"https:\/\/aprendeespanolonline.ch\/de\/wp-json\/wp\/v2\/pages\/125","targetHints":{"allow":["GET"]}}],"collection":[{"href":"https:\/\/aprendeespanolonline.ch\/de\/wp-json\/wp\/v2\/pages"}],"about":[{"href":"https:\/\/aprendeespanolonline.ch\/de\/wp-json\/wp\/v2\/types\/page"}],"author":[{"embeddable":true,"href":"https:\/\/aprendeespanolonline.ch\/de\/wp-json\/wp\/v2\/users\/1"}],"replies":[{"embeddable":true,"href":"https:\/\/aprendeespanolonline.ch\/de\/wp-json\/wp\/v2\/comments?post=125"}],"version-history":[{"count":5,"href":"https:\/\/aprendeespanolonline.ch\/de\/wp-json\/wp\/v2\/pages\/125\/revisions"}],"predecessor-version":[{"id":1454,"href":"https:\/\/aprendeespanolonline.ch\/de\/wp-json\/wp\/v2\/pages\/125\/revisions\/1454"}],"wp:attachment":[{"href":"https:\/\/aprendeespanolonline.ch\/de\/wp-json\/wp\/v2\/media?parent=125"}],"curies":[{"name":"wp","href":"https:\/\/api.w.org\/{rel}","templated":true}]}}