{"id":273,"date":"2017-02-09T18:44:24","date_gmt":"2017-02-09T17:44:24","guid":{"rendered":"http:\/\/localhost\/mi-primer-wordpress\/?page_id=273"},"modified":"2018-03-21T13:18:56","modified_gmt":"2018-03-21T12:18:56","slug":"conversacion","status":"publish","type":"page","link":"https:\/\/aprendeespanolonline.ch\/de\/conversacion\/","title":{"rendered":"Konversationskurse"},"content":{"rendered":"<p><\/p>\n<p style=\"text-align: justify;\">Wenn du fliessend sprechen, deine Aussprache verbessern und mit mehr Wortschatz reden m\u00f6chtest, sind die Konversation-Lektionen das Richtige f\u00fcr dich.<\/p>\n<p style=\"text-align: justify;\">Konversation-Lektionen dauern 55 Minuten und sind sehr praxisorientiert. Wir arbeiten an der Kommunikation, an Vokabeln, an Ausdr\u00fccken, die wir in Texten finden, an aktuellen Nachrichten, an B\u00fcchern, an Videos und an anderem Material w\u00e4hrend des Unterrichtes.<\/p>\n<p style=\"text-align: justify;\">Die Themen, \u00fcber die wir reden, sind aktuell und im Interessenbereich des jeweiligen Lernenden.<\/p>\n<p><img decoding=\"async\" class=\"alignnone size-medium wp-image-744\" src=\"\/wp-content\/uploads\/2018\/01\/espanol-conversacion.png\" alt=\"espanol-conversacion\" width=\"209\" height=\"125\" srcset=\"https:\/\/aprendeespanolonline.ch\/wp-content\/uploads\/2018\/01\/espanol-conversacion.png 376w, https:\/\/aprendeespanolonline.ch\/wp-content\/uploads\/2018\/01\/espanol-conversacion-300x180.png 300w\" sizes=\"(max-width: 209px) 100vw, 209px\" \/><\/p>","protected":false},"excerpt":{"rendered":"<p>Wenn du fliessend sprechen, deine Aussprache verbessern und mit mehr Wortschatz reden m\u00f6chtest, sind die Konversation-Lektionen das Richtige f\u00fcr dich. Konversation-Lektionen dauern 55 Minuten und sind sehr praxisorientiert. Wir arbeiten an der Kommunikation, an Vokabeln, an Ausdr\u00fccken, die wir in Texten finden, an aktuellen Nachrichten, an B\u00fcchern, an Videos und an anderem Material w\u00e4hrend des<\/p>\n","protected":false},"author":1,"featured_media":0,"parent":0,"menu_order":0,"comment_status":"closed","ping_status":"closed","template":"fullwidth.php","meta":{"footnotes":""},"class_list":["post-273","page","type-page","status-publish","hentry"],"_links":{"self":[{"href":"https:\/\/aprendeespanolonline.ch\/de\/wp-json\/wp\/v2\/pages\/273","targetHints":{"allow":["GET"]}}],"collection":[{"href":"https:\/\/aprendeespanolonline.ch\/de\/wp-json\/wp\/v2\/pages"}],"about":[{"href":"https:\/\/aprendeespanolonline.ch\/de\/wp-json\/wp\/v2\/types\/page"}],"author":[{"embeddable":true,"href":"https:\/\/aprendeespanolonline.ch\/de\/wp-json\/wp\/v2\/users\/1"}],"replies":[{"embeddable":true,"href":"https:\/\/aprendeespanolonline.ch\/de\/wp-json\/wp\/v2\/comments?post=273"}],"version-history":[{"count":0,"href":"https:\/\/aprendeespanolonline.ch\/de\/wp-json\/wp\/v2\/pages\/273\/revisions"}],"wp:attachment":[{"href":"https:\/\/aprendeespanolonline.ch\/de\/wp-json\/wp\/v2\/media?parent=273"}],"curies":[{"name":"wp","href":"https:\/\/api.w.org\/{rel}","templated":true}]}}