{"id":275,"date":"2017-02-09T18:45:06","date_gmt":"2017-02-09T17:45:06","guid":{"rendered":"http:\/\/localhost\/mi-primer-wordpress\/?page_id=275"},"modified":"2019-02-04T18:07:42","modified_gmt":"2019-02-04T17:07:42","slug":"espanol-con-fines-especificos","status":"publish","type":"page","link":"https:\/\/aprendeespanolonline.ch\/de\/espanol-con-fines-especificos\/","title":{"rendered":"Spanisch f\u00fcr spezifische Zwecke"},"content":{"rendered":"<p>Wenn du Spanisch f\u00fcr spezifische Zwecke brauchst, frag uns einfach nach dieser Variante. Wir bieten:<\/p>\n<ul>\n<li>Korrekturen von Texten<\/li>\n<li>DELE Pr\u00fcfungsvorbereitung (Ich bin offizielle DELE Pr\u00fcferin des Instituto Cervantes von A1 bis C2)<\/li>\n<li>\u00dcbersetzungen von Englisch oder Deutsch ins Spanisch<\/li>\n<li>Business-Spanisch<\/li>\n<li>Spanisch zum Reisen,<\/li>\n<\/ul>\n<p>und vieles mehr.<\/p>\n<p>&nbsp;<\/p>\n<p>Wir w\u00fcrden dir gerne dabei helfen.<\/p>\n<p>&nbsp;<\/p>\n<p><img decoding=\"async\" class=\"alignleft wp-image-746\" title=\"espanol-negocios-examen\" src=\"\/wp-content\/uploads\/2018\/01\/espanol-negocios-examen.jpg\" alt=\"espanol-negocios-examen\" width=\"150\" height=\"90\" \/><\/p>","protected":false},"excerpt":{"rendered":"<p>Wenn du Spanisch f\u00fcr spezifische Zwecke brauchst, frag uns einfach nach dieser Variante. Wir bieten: Korrekturen von Texten DELE Pr\u00fcfungsvorbereitung (Ich bin offizielle DELE Pr\u00fcferin des Instituto Cervantes von A1 bis C2) \u00dcbersetzungen von Englisch oder Deutsch ins Spanisch Business-Spanisch Spanisch zum Reisen, und vieles mehr. &nbsp; Wir w\u00fcrden dir gerne dabei helfen. &nbsp;<\/p>\n","protected":false},"author":1,"featured_media":0,"parent":0,"menu_order":0,"comment_status":"closed","ping_status":"closed","template":"fullwidth.php","meta":{"footnotes":""},"class_list":["post-275","page","type-page","status-publish","hentry"],"_links":{"self":[{"href":"https:\/\/aprendeespanolonline.ch\/de\/wp-json\/wp\/v2\/pages\/275","targetHints":{"allow":["GET"]}}],"collection":[{"href":"https:\/\/aprendeespanolonline.ch\/de\/wp-json\/wp\/v2\/pages"}],"about":[{"href":"https:\/\/aprendeespanolonline.ch\/de\/wp-json\/wp\/v2\/types\/page"}],"author":[{"embeddable":true,"href":"https:\/\/aprendeespanolonline.ch\/de\/wp-json\/wp\/v2\/users\/1"}],"replies":[{"embeddable":true,"href":"https:\/\/aprendeespanolonline.ch\/de\/wp-json\/wp\/v2\/comments?post=275"}],"version-history":[{"count":0,"href":"https:\/\/aprendeespanolonline.ch\/de\/wp-json\/wp\/v2\/pages\/275\/revisions"}],"wp:attachment":[{"href":"https:\/\/aprendeespanolonline.ch\/de\/wp-json\/wp\/v2\/media?parent=275"}],"curies":[{"name":"wp","href":"https:\/\/api.w.org\/{rel}","templated":true}]}}