{"id":284,"date":"2017-02-13T14:33:55","date_gmt":"2017-02-13T13:33:55","guid":{"rendered":"http:\/\/localhost\/mi-primer-wordpress\/?page_id=284"},"modified":"2019-02-04T18:00:55","modified_gmt":"2019-02-04T17:00:55","slug":"planificacion-de-viajes-a-espana","status":"publish","type":"page","link":"https:\/\/aprendeespanolonline.ch\/de\/planificacion-de-viajes-a-espana\/","title":{"rendered":"Hilfe f\u00fcr deine Spanischreise"},"content":{"rendered":"<p><\/p>\n<p style=\"text-align: justify;\">M\u00f6chtest du nach Spanien als Tourist reisen oder um Spanisch zu lernen?<\/p>\n<p style=\"text-align: justify;\">Wir helfen dir, deine n\u00e4chste Reise nach Spanien zu organisieren: Welche Orte sind f\u00fcr dich interessant, ihre Kulturen, ihre Sehensw\u00fcrdigkeiten, ihre Gastronomie\u2026<\/p>\n<p style=\"text-align: justify;\">Es gibt nichts Besseres vor einer Reise als das Reiseziel bestens zu kennen, um die Ferien dann in vollen Z\u00fcgen zu geniessen.<\/p>\n<p style=\"text-align: justify;\">Wenn du eine Sprachreise vorziehst, helfen wir dir, den richtigen Zielort und seine Sprachschul- und Unterkunfts-Angebote auszuw\u00e4hlen.<\/p>\n<p style=\"text-align: justify;\">Frag uns einfach nach weiteren Infos.<\/p>\n<p>&nbsp;<\/p>\n<p style=\"text-align: justify;\"><img decoding=\"async\" src=\"\/wp-content\/uploads\/2018\/01\/espanol-viajar.jpg\" alt=\"espanol-viajar\" width=\"150\" height=\"90\" \/><\/p>\n<p><\/p>","protected":false},"excerpt":{"rendered":"<p>M\u00f6chtest du nach Spanien als Tourist reisen oder um Spanisch zu lernen? Wir helfen dir, deine n\u00e4chste Reise nach Spanien zu organisieren: Welche Orte sind f\u00fcr dich interessant, ihre Kulturen, ihre Sehensw\u00fcrdigkeiten, ihre Gastronomie\u2026 Es gibt nichts Besseres vor einer Reise als das Reiseziel bestens zu kennen, um die Ferien dann in vollen Z\u00fcgen zu<\/p>\n","protected":false},"author":1,"featured_media":0,"parent":0,"menu_order":0,"comment_status":"closed","ping_status":"closed","template":"fullwidth.php","meta":{"footnotes":""},"class_list":["post-284","page","type-page","status-publish","hentry"],"_links":{"self":[{"href":"https:\/\/aprendeespanolonline.ch\/de\/wp-json\/wp\/v2\/pages\/284","targetHints":{"allow":["GET"]}}],"collection":[{"href":"https:\/\/aprendeespanolonline.ch\/de\/wp-json\/wp\/v2\/pages"}],"about":[{"href":"https:\/\/aprendeespanolonline.ch\/de\/wp-json\/wp\/v2\/types\/page"}],"author":[{"embeddable":true,"href":"https:\/\/aprendeespanolonline.ch\/de\/wp-json\/wp\/v2\/users\/1"}],"replies":[{"embeddable":true,"href":"https:\/\/aprendeespanolonline.ch\/de\/wp-json\/wp\/v2\/comments?post=284"}],"version-history":[{"count":0,"href":"https:\/\/aprendeespanolonline.ch\/de\/wp-json\/wp\/v2\/pages\/284\/revisions"}],"wp:attachment":[{"href":"https:\/\/aprendeespanolonline.ch\/de\/wp-json\/wp\/v2\/media?parent=284"}],"curies":[{"name":"wp","href":"https:\/\/api.w.org\/{rel}","templated":true}]}}