{"id":901,"date":"2018-05-25T10:38:51","date_gmt":"2018-05-25T09:38:51","guid":{"rendered":"https:\/\/aprendeespanolonline.ch\/?page_id=901"},"modified":"2018-05-25T15:18:28","modified_gmt":"2018-05-25T14:18:28","slug":"politica-de-privacidad","status":"publish","type":"page","link":"https:\/\/aprendeespanolonline.ch\/de\/politica-de-privacidad\/","title":{"rendered":"Pol\u00edtica de privacidad"},"content":{"rendered":"<p><strong>Pol\u00edtica de privacidad de datos<\/strong><\/p>\n<p>Como responsable de esta web quiero ofrecerte toda la informaci\u00f3n acerca de la privacidad de tus datos. La presente Pol\u00edtica de Privacidad ser\u00e1 v\u00e1lida \u00fanicamente para los datos de car\u00e1cter personal obtenidos en el sitio web Aprende Espa\u00f1ol online, no siendo aplicable para aquella informaci\u00f3n recabada por terceros en otras p\u00e1ginas web.<\/p>\n<p>Esta pol\u00edtica ha sido actualizada el 20\/05\/2018.<\/p>\n<p>Aprendeespanolonline.ch ha adecuado esta web a las exigencias del Reglamento (UE) 2016\/679 del Parlamento Europeo y del Consejo de 27 de abril de 2016 relativo a la protecci\u00f3n de las personas f\u00edsicas (RGPD).<\/p>\n<p><strong>\u00a0<\/strong><\/p>\n<p><strong>Qui\u00e9nes somos<\/strong><\/p>\n<p>La direcci\u00f3n de nuestra web es: <a href=\"https:\/\/aprendeespanolonline.ch\">https:\/\/aprendeespanolonline.ch<\/a>, con direcci\u00f3n de correo electr\u00f3nico <a href=\"mailto:aprende-espanol@outlook.com\">aprende-espanol@outlook.com<\/a>.<\/p>\n<p>&nbsp;<\/p>\n<p><strong>Qu\u00e9 datos personales recogemos y por qu\u00e9 los recogemos<\/strong><\/p>\n<p>En aprendeespanolonline.ch recopilamos los datos que se muestran en el formulario de contacto, los comentarios en el blog, as\u00ed como la direcci\u00f3n IP del visitante y la cadena de agentes de usuario del navegador para ayudar a la detecci\u00f3n de spam.<\/p>\n<p>Una cadena an\u00f3nima creada a partir de tu direcci\u00f3n de correo electr\u00f3nico (tambi\u00e9n llamada hash) puede ser proporcionada al servicio de Gravatar para ver si la est\u00e1s usando. La pol\u00edtica de privacidad del servicio Gravatar est\u00e1 disponible aqu\u00ed: <a href=\"https:\/\/automattic.com\/privacy\/\">https:\/\/automattic.com\/privacy\/<\/a>.<\/p>\n<p>En ning\u00fan caso esta web ceder\u00e1 los datos personales de sus usuarios a terceros sin informarles previamente y requerir su consentimiento.<\/p>\n<p>No es necesario que facilites ning\u00fan dato de car\u00e1cter personal para la navegaci\u00f3n por esta web.<\/p>\n<p>&nbsp;<\/p>\n<p><strong>Cookies<\/strong><\/p>\n<p>Cuando el usuario navega en esta web, se almacenan \u201ccookies\u201d: datos que se guardan para facilitar la navegaci\u00f3n en momentos futuros. El usuario puede consultar en cualquier momento la pol\u00edtica de cookies para ampliar informaci\u00f3n sobre el uso de cookies y c\u00f3mo desactivarlas. Visita <a href=\"https:\/\/aprendeespanolonline.ch\/politica-de-cookies\/\">este enlace<\/a> para leer m\u00e1s sobre la <strong>pol\u00edtica de Cookies<\/strong>.<\/p>\n<p>&nbsp;<\/p>\n<p><strong>Contenido incrustado de otros sitios web<\/strong><\/p>\n<p>Los art\u00edculos de este sitio pueden incluir contenido incrustado (por ejemplo, v\u00eddeos, im\u00e1genes, art\u00edculos, etc.). El contenido incrustado de otras web se comporta exactamente de la misma manera que si el visitante hubiera visitado la otra web.<\/p>\n<p>Estas web pueden recopilar datos sobre ti, utilizar cookies, incrustar un seguimiento adicional de terceros, y supervisar tu interacci\u00f3n con ese contenido incrustado, incluido el seguimiento de su interacci\u00f3n con el contenido incrustado si tienes una cuenta y est\u00e1s conectado a esa web.<\/p>\n<p>&nbsp;<\/p>\n<p><strong>Cu\u00e1nto tiempo conservamos tus datos<\/strong><\/p>\n<p>Si dejas un comentario, el comentario y sus metadatos se conservan indefinidamente. Esto es para que podamos reconocer y aprobar comentarios sucesivos autom\u00e1ticamente en lugar de mantenerlos en una cola de moderaci\u00f3n.<\/p>\n<p>De los usuarios que se registran en nuestra web (si los hay), tambi\u00e9n almacenamos la informaci\u00f3n personal que proporcionan en su perfil de usuario. Todos los usuarios pueden ver, editar o eliminar su informaci\u00f3n personal en cualquier momento (excepto que no pueden cambiar su nombre de usuario). Los administradores de la web tambi\u00e9n pueden ver y editar esa informaci\u00f3n.<\/p>\n<p>&nbsp;<\/p>\n<p><strong>Qu\u00e9 derechos tienes sobre tus datos<\/strong><\/p>\n<p>La base legal para el tratamiento de sus datos es el\u00a0<strong>consentimiento expl\u00edcito<\/strong>.<\/p>\n<p>Para contactar o realizar comentarios en esta web se requiere el consentimiento de esta pol\u00edtica de privacidad.<\/p>\n<p>Si has dejado comentarios en esta web, puedes solicitar que eliminemos cualquier dato personal que tengamos sobre ti. Esto no incluye ning\u00fan dato que estemos obligados a conservar con fines administrativos, legales o de seguridad.<\/p>\n<p>&nbsp;<\/p>\n<p><strong>D\u00f3nde enviamos tus datos<\/strong><\/p>\n<p>Los comentarios de los visitantes puede que los revise un servicio de detecci\u00f3n autom\u00e1tica de spam.<\/p>\n<p>&nbsp;<\/p>\n<p><strong>Informaci\u00f3n adicional<\/strong><\/p>\n<p>Aprendeespanolonline.ch se reserva el derecho a modificar la presente pol\u00edtica de privacidad de datos para adaptarla a novedades legislativas o jurisprudenciales as\u00ed como a pr\u00e1cticas de la industria. En dichos supuestos, el Prestador anunciar\u00e1 en esta p\u00e1gina los cambios introducidos con razonable antelaci\u00f3n a su puesta en pr\u00e1ctica.<\/p>\n<p><strong>\u00a0<\/strong><\/p>\n<p>&nbsp;<\/p>","protected":false},"excerpt":{"rendered":"<p>Pol\u00edtica de privacidad de datos Como responsable de esta web quiero ofrecerte toda la informaci\u00f3n acerca de la privacidad de tus datos. La presente Pol\u00edtica de Privacidad ser\u00e1 v\u00e1lida \u00fanicamente para los datos de car\u00e1cter personal obtenidos en el sitio web Aprende Espa\u00f1ol online, no siendo aplicable para aquella informaci\u00f3n recabada por terceros en otras<\/p>\n","protected":false},"author":1,"featured_media":0,"parent":0,"menu_order":0,"comment_status":"closed","ping_status":"closed","template":"fullwidth.php","meta":{"footnotes":""},"class_list":["post-901","page","type-page","status-publish","hentry"],"_links":{"self":[{"href":"https:\/\/aprendeespanolonline.ch\/de\/wp-json\/wp\/v2\/pages\/901","targetHints":{"allow":["GET"]}}],"collection":[{"href":"https:\/\/aprendeespanolonline.ch\/de\/wp-json\/wp\/v2\/pages"}],"about":[{"href":"https:\/\/aprendeespanolonline.ch\/de\/wp-json\/wp\/v2\/types\/page"}],"author":[{"embeddable":true,"href":"https:\/\/aprendeespanolonline.ch\/de\/wp-json\/wp\/v2\/users\/1"}],"replies":[{"embeddable":true,"href":"https:\/\/aprendeespanolonline.ch\/de\/wp-json\/wp\/v2\/comments?post=901"}],"version-history":[{"count":0,"href":"https:\/\/aprendeespanolonline.ch\/de\/wp-json\/wp\/v2\/pages\/901\/revisions"}],"wp:attachment":[{"href":"https:\/\/aprendeespanolonline.ch\/de\/wp-json\/wp\/v2\/media?parent=901"}],"curies":[{"name":"wp","href":"https:\/\/api.w.org\/{rel}","templated":true}]}}